{"id":1187,"date":"2023-07-15T19:03:56","date_gmt":"2023-07-15T16:03:56","guid":{"rendered":"https:\/\/www.boyutmetalmobilya.com\/?page_id=1187"},"modified":"2023-07-16T16:22:55","modified_gmt":"2023-07-16T13:22:55","slug":"metal-mobilya","status":"publish","type":"page","link":"https:\/\/www.boyutmetalmobilya.com\/index.php\/metal-mobilya\/","title":{"rendered":"Metal Mobilya"},"content":{"rendered":"\t\t<div data-elementor-type=\"wp-page\" data-elementor-id=\"1187\" class=\"elementor elementor-1187\">\n\t\t\t\t\t\t<section class=\"elementor-section elementor-top-section elementor-element elementor-element-380d851 elementor-section-boxed elementor-section-height-default elementor-section-height-default\" data-id=\"380d851\" data-element_type=\"section\" data-settings=\"{&quot;background_background&quot;:&quot;classic&quot;}\">\n\t\t\t\t\t\t\t<div class=\"elementor-background-overlay\"><\/div>\n\t\t\t\t\t\t\t<div class=\"elementor-container elementor-column-gap-no\">\n\t\t\t\t\t<div class=\"elementor-column elementor-col-100 elementor-top-column elementor-element elementor-element-5523c35\" data-id=\"5523c35\" data-element_type=\"column\">\n\t\t\t<div class=\"elementor-widget-wrap elementor-element-populated\">\n\t\t\t\t\t\t<div class=\"elementor-element elementor-element-5cb3646 elementor-widget elementor-widget-heading\" data-id=\"5cb3646\" data-element_type=\"widget\" data-widget_type=\"heading.default\">\n\t\t\t\t<div class=\"elementor-widget-container\">\n\t\t\t\t\t<h1 class=\"elementor-heading-title elementor-size-default\">Metal Mobilya<\/h1>\t\t\t\t<\/div>\n\t\t\t\t<\/div>\n\t\t\t\t<div class=\"elementor-element elementor-element-7fe7596 elementor-widget elementor-widget-heading\" data-id=\"7fe7596\" data-element_type=\"widget\" data-widget_type=\"heading.default\">\n\t\t\t\t<div class=\"elementor-widget-container\">\n\t\t\t\t\t<h2 class=\"elementor-heading-title elementor-size-default\">Esteti\u011fi ve Dayan\u0131kl\u0131l\u0131\u011f\u0131 Bulu\u015fturan Metal Mobilyalar<\/h2>\t\t\t\t<\/div>\n\t\t\t\t<\/div>\n\t\t\t\t\t<\/div>\n\t\t<\/div>\n\t\t\t\t\t<\/div>\n\t\t<\/section>\n\t\t\t\t<section class=\"elementor-section elementor-top-section elementor-element elementor-element-d2560dd elementor-section-boxed elementor-section-height-default elementor-section-height-default\" data-id=\"d2560dd\" data-element_type=\"section\" data-settings=\"{&quot;background_background&quot;:&quot;classic&quot;}\">\n\t\t\t\t\t\t<div class=\"elementor-container elementor-column-gap-default\">\n\t\t\t\t\t<div class=\"elementor-column elementor-col-100 elementor-top-column elementor-element elementor-element-3adfcbf\" data-id=\"3adfcbf\" data-element_type=\"column\">\n\t\t\t<div class=\"elementor-widget-wrap elementor-element-populated\">\n\t\t\t\t\t\t<div class=\"elementor-element elementor-element-f99e870 elementor-widget elementor-widget-spacer\" data-id=\"f99e870\" data-element_type=\"widget\" data-widget_type=\"spacer.default\">\n\t\t\t\t<div class=\"elementor-widget-container\">\n\t\t\t\t\t\t\t<div class=\"elementor-spacer\">\n\t\t\t<div class=\"elementor-spacer-inner\"><\/div>\n\t\t<\/div>\n\t\t\t\t\t\t<\/div>\n\t\t\t\t<\/div>\n\t\t\t\t\t<\/div>\n\t\t<\/div>\n\t\t\t\t\t<\/div>\n\t\t<\/section>\n\t\t\t\t<section class=\"elementor-section elementor-top-section elementor-element elementor-element-1f8af5a elementor-section-boxed elementor-section-height-default elementor-section-height-default\" data-id=\"1f8af5a\" data-element_type=\"section\" data-settings=\"{&quot;background_background&quot;:&quot;classic&quot;}\">\n\t\t\t\t\t\t<div class=\"elementor-container elementor-column-gap-default\">\n\t\t\t\t\t<div class=\"elementor-column elementor-col-100 elementor-top-column elementor-element elementor-element-1dc9e4a\" data-id=\"1dc9e4a\" data-element_type=\"column\">\n\t\t\t<div class=\"elementor-widget-wrap elementor-element-populated\">\n\t\t\t\t\t\t<section class=\"elementor-section elementor-inner-section elementor-element elementor-element-97bf6e4 elementor-section-boxed elementor-section-height-default elementor-section-height-default\" data-id=\"97bf6e4\" data-element_type=\"section\">\n\t\t\t\t\t\t<div class=\"elementor-container elementor-column-gap-default\">\n\t\t\t\t\t<div class=\"elementor-column elementor-col-50 elementor-inner-column elementor-element elementor-element-fe23059\" data-id=\"fe23059\" data-element_type=\"column\">\n\t\t\t<div class=\"elementor-widget-wrap elementor-element-populated\">\n\t\t\t\t\t\t<div class=\"elementor-element elementor-element-165de51 elementor-widget elementor-widget-heading\" data-id=\"165de51\" data-element_type=\"widget\" data-widget_type=\"heading.default\">\n\t\t\t\t<div class=\"elementor-widget-container\">\n\t\t\t\t\t<h2 class=\"elementor-heading-title elementor-size-medium\">Metal Mobilya<\/h2>\t\t\t\t<\/div>\n\t\t\t\t<\/div>\n\t\t\t\t<div class=\"elementor-element elementor-element-f39667e elementor-widget elementor-widget-text-editor\" data-id=\"f39667e\" data-element_type=\"widget\" data-widget_type=\"text-editor.default\">\n\t\t\t\t<div class=\"elementor-widget-container\">\n\t\t\t\t\t\t\t\t\t<p>Boyut Metal, kaliteli metal mobilya \u00fcretimiyle sekt\u00f6rde \u00f6nc\u00fcd\u00fcr. Estetik, dayan\u0131kl\u0131 ve i\u015flevsel metal mobilyalar\u0131m\u0131z, eviniz veya i\u015f yeriniz i\u00e7in m\u00fckemmel bir se\u00e7imdir.<\/p>\t\t\t\t\t\t\t\t<\/div>\n\t\t\t\t<\/div>\n\t\t\t\t\t<\/div>\n\t\t<\/div>\n\t\t\t\t<div class=\"elementor-column elementor-col-50 elementor-inner-column elementor-element elementor-element-331e04d\" data-id=\"331e04d\" data-element_type=\"column\">\n\t\t\t<div class=\"elementor-widget-wrap elementor-element-populated\">\n\t\t\t\t\t\t<div class=\"elementor-element elementor-element-34e261f elementor-icon-list--layout-traditional elementor-list-item-link-full_width elementor-widget elementor-widget-icon-list\" data-id=\"34e261f\" data-element_type=\"widget\" data-widget_type=\"icon-list.default\">\n\t\t\t\t<div class=\"elementor-widget-container\">\n\t\t\t\t\t\t\t<ul class=\"elementor-icon-list-items\">\n\t\t\t\t\t\t\t<li class=\"elementor-icon-list-item\">\n\t\t\t\t\t\t\t\t\t\t\t<span class=\"elementor-icon-list-icon\">\n\t\t\t\t\t\t\t<i aria-hidden=\"true\" class=\"fas fa-arrow-alt-circle-right\"><\/i>\t\t\t\t\t\t<\/span>\n\t\t\t\t\t\t\t\t\t\t<span class=\"elementor-icon-list-text\">Metal Sandalye \u0130malat\u0131<\/span>\n\t\t\t\t\t\t\t\t\t<\/li>\n\t\t\t\t\t\t\t\t<li class=\"elementor-icon-list-item\">\n\t\t\t\t\t\t\t\t\t\t\t<span class=\"elementor-icon-list-icon\">\n\t\t\t\t\t\t\t<i aria-hidden=\"true\" class=\"fas fa-arrow-alt-circle-right\"><\/i>\t\t\t\t\t\t<\/span>\n\t\t\t\t\t\t\t\t\t\t<span class=\"elementor-icon-list-text\">Metal Oturma Gruplar\u0131<\/span>\n\t\t\t\t\t\t\t\t\t<\/li>\n\t\t\t\t\t\t\t\t<li class=\"elementor-icon-list-item\">\n\t\t\t\t\t\t\t\t\t\t\t<span class=\"elementor-icon-list-icon\">\n\t\t\t\t\t\t\t<i aria-hidden=\"true\" class=\"fas fa-arrow-alt-circle-right\"><\/i>\t\t\t\t\t\t<\/span>\n\t\t\t\t\t\t\t\t\t\t<span class=\"elementor-icon-list-text\">Metal Druseurlar<\/span>\n\t\t\t\t\t\t\t\t\t<\/li>\n\t\t\t\t\t\t\t\t<li class=\"elementor-icon-list-item\">\n\t\t\t\t\t\t\t\t\t\t\t<span class=\"elementor-icon-list-icon\">\n\t\t\t\t\t\t\t<i aria-hidden=\"true\" class=\"fas fa-arrow-alt-circle-right\"><\/i>\t\t\t\t\t\t<\/span>\n\t\t\t\t\t\t\t\t\t\t<span class=\"elementor-icon-list-text\">Metal Sehpa<\/span>\n\t\t\t\t\t\t\t\t\t<\/li>\n\t\t\t\t\t\t\t\t<li class=\"elementor-icon-list-item\">\n\t\t\t\t\t\t\t\t\t\t\t<span class=\"elementor-icon-list-icon\">\n\t\t\t\t\t\t\t<i aria-hidden=\"true\" class=\"fas fa-arrow-alt-circle-right\"><\/i>\t\t\t\t\t\t<\/span>\n\t\t\t\t\t\t\t\t\t\t<span class=\"elementor-icon-list-text\">Metal Zigon Sehpa<\/span>\n\t\t\t\t\t\t\t\t\t<\/li>\n\t\t\t\t\t\t\t\t<li class=\"elementor-icon-list-item\">\n\t\t\t\t\t\t\t\t\t\t\t<span class=\"elementor-icon-list-icon\">\n\t\t\t\t\t\t\t<i aria-hidden=\"true\" class=\"fas fa-arrow-alt-circle-right\"><\/i>\t\t\t\t\t\t<\/span>\n\t\t\t\t\t\t\t\t\t\t<span class=\"elementor-icon-list-text\">Metal Z Servis Sehpa<\/span>\n\t\t\t\t\t\t\t\t\t<\/li>\n\t\t\t\t\t\t\t\t<li class=\"elementor-icon-list-item\">\n\t\t\t\t\t\t\t\t\t\t\t<span class=\"elementor-icon-list-icon\">\n\t\t\t\t\t\t\t<i aria-hidden=\"true\" class=\"fas fa-arrow-alt-circle-right\"><\/i>\t\t\t\t\t\t<\/span>\n\t\t\t\t\t\t\t\t\t\t<span class=\"elementor-icon-list-text\">Metal Orta Sehpa<\/span>\n\t\t\t\t\t\t\t\t\t<\/li>\n\t\t\t\t\t\t<\/ul>\n\t\t\t\t\t\t<\/div>\n\t\t\t\t<\/div>\n\t\t\t\t\t<\/div>\n\t\t<\/div>\n\t\t\t\t\t<\/div>\n\t\t<\/section>\n\t\t\t\t\t<\/div>\n\t\t<\/div>\n\t\t\t\t\t<\/div>\n\t\t<\/section>\n\t\t\t\t<section class=\"elementor-section elementor-top-section elementor-element elementor-element-d9f5faa elementor-section-boxed elementor-section-height-default elementor-section-height-default\" data-id=\"d9f5faa\" data-element_type=\"section\" data-settings=\"{&quot;background_background&quot;:&quot;classic&quot;}\">\n\t\t\t\t\t\t<div class=\"elementor-container elementor-column-gap-default\">\n\t\t\t\t\t<div class=\"elementor-column elementor-col-100 elementor-top-column elementor-element elementor-element-4dab674\" data-id=\"4dab674\" data-element_type=\"column\">\n\t\t\t<div class=\"elementor-widget-wrap elementor-element-populated\">\n\t\t\t\t\t\t<div class=\"elementor-element elementor-element-4fd497b gallery-spacing-custom elementor-widget elementor-widget-image-gallery\" data-id=\"4fd497b\" data-element_type=\"widget\" data-widget_type=\"image-gallery.default\">\n\t\t\t\t<div class=\"elementor-widget-container\">\n\t\t\t\t\t\t\t<div class=\"elementor-image-gallery\">\n\t\t\t<div id='gallery-1' class='gallery galleryid-1187 gallery-columns-4 gallery-size-large'><figure class='gallery-item'>\n\t\t\t<div class='gallery-icon portrait'>\n\t\t\t\t<a data-elementor-open-lightbox=\"yes\" data-elementor-lightbox-slideshow=\"4fd497b\" data-elementor-lightbox-title=\"atasehir_metal_mobilya1\" data-e-action-hash=\"#elementor-action%3Aaction%3Dlightbox%26settings%3DeyJpZCI6MTE4OSwidXJsIjoiaHR0cHM6XC9cL3d3dy5ib3l1dG1ldGFsbW9iaWx5YS5jb21cL3dwLWNvbnRlbnRcL3VwbG9hZHNcLzIwMjNcLzA3XC9hdGFzZWhpcl9tZXRhbF9tb2JpbHlhMS5qcGciLCJzbGlkZXNob3ciOiI0ZmQ0OTdiIn0%3D\" href='https:\/\/www.boyutmetalmobilya.com\/wp-content\/uploads\/2023\/07\/atasehir_metal_mobilya1.jpg'><img fetchpriority=\"high\" decoding=\"async\" width=\"450\" height=\"600\" src=\"https:\/\/www.boyutmetalmobilya.com\/wp-content\/uploads\/2023\/07\/atasehir_metal_mobilya1.jpg\" class=\"attachment-large size-large\" alt=\"\" srcset=\"https:\/\/www.boyutmetalmobilya.com\/wp-content\/uploads\/2023\/07\/atasehir_metal_mobilya1.jpg 450w, https:\/\/www.boyutmetalmobilya.com\/wp-content\/uploads\/2023\/07\/atasehir_metal_mobilya1-225x300.jpg 225w\" sizes=\"(max-width: 450px) 100vw, 450px\" \/><\/a>\n\t\t\t<\/div><\/figure><figure class='gallery-item'>\n\t\t\t<div class='gallery-icon portrait'>\n\t\t\t\t<a data-elementor-open-lightbox=\"yes\" data-elementor-lightbox-slideshow=\"4fd497b\" data-elementor-lightbox-title=\"atasehir_metal_mobilya3\" data-e-action-hash=\"#elementor-action%3Aaction%3Dlightbox%26settings%3DeyJpZCI6MTE5MCwidXJsIjoiaHR0cHM6XC9cL3d3dy5ib3l1dG1ldGFsbW9iaWx5YS5jb21cL3dwLWNvbnRlbnRcL3VwbG9hZHNcLzIwMjNcLzA3XC9hdGFzZWhpcl9tZXRhbF9tb2JpbHlhMy5qcGciLCJzbGlkZXNob3ciOiI0ZmQ0OTdiIn0%3D\" href='https:\/\/www.boyutmetalmobilya.com\/wp-content\/uploads\/2023\/07\/atasehir_metal_mobilya3.jpg'><img decoding=\"async\" width=\"450\" height=\"600\" src=\"https:\/\/www.boyutmetalmobilya.com\/wp-content\/uploads\/2023\/07\/atasehir_metal_mobilya3.jpg\" class=\"attachment-large size-large\" alt=\"\" srcset=\"https:\/\/www.boyutmetalmobilya.com\/wp-content\/uploads\/2023\/07\/atasehir_metal_mobilya3.jpg 450w, https:\/\/www.boyutmetalmobilya.com\/wp-content\/uploads\/2023\/07\/atasehir_metal_mobilya3-225x300.jpg 225w\" sizes=\"(max-width: 450px) 100vw, 450px\" \/><\/a>\n\t\t\t<\/div><\/figure><figure class='gallery-item'>\n\t\t\t<div class='gallery-icon portrait'>\n\t\t\t\t<a data-elementor-open-lightbox=\"yes\" data-elementor-lightbox-slideshow=\"4fd497b\" data-elementor-lightbox-title=\"atasehir_metal_mobilya4\" data-e-action-hash=\"#elementor-action%3Aaction%3Dlightbox%26settings%3DeyJpZCI6MTE5MSwidXJsIjoiaHR0cHM6XC9cL3d3dy5ib3l1dG1ldGFsbW9iaWx5YS5jb21cL3dwLWNvbnRlbnRcL3VwbG9hZHNcLzIwMjNcLzA3XC9hdGFzZWhpcl9tZXRhbF9tb2JpbHlhNC5qcGciLCJzbGlkZXNob3ciOiI0ZmQ0OTdiIn0%3D\" href='https:\/\/www.boyutmetalmobilya.com\/wp-content\/uploads\/2023\/07\/atasehir_metal_mobilya4.jpg'><img decoding=\"async\" width=\"450\" height=\"600\" src=\"https:\/\/www.boyutmetalmobilya.com\/wp-content\/uploads\/2023\/07\/atasehir_metal_mobilya4.jpg\" class=\"attachment-large size-large\" alt=\"\" srcset=\"https:\/\/www.boyutmetalmobilya.com\/wp-content\/uploads\/2023\/07\/atasehir_metal_mobilya4.jpg 450w, https:\/\/www.boyutmetalmobilya.com\/wp-content\/uploads\/2023\/07\/atasehir_metal_mobilya4-225x300.jpg 225w\" sizes=\"(max-width: 450px) 100vw, 450px\" \/><\/a>\n\t\t\t<\/div><\/figure><figure class='gallery-item'>\n\t\t\t<div class='gallery-icon portrait'>\n\t\t\t\t<a data-elementor-open-lightbox=\"yes\" data-elementor-lightbox-slideshow=\"4fd497b\" data-elementor-lightbox-title=\"atasehir_metal_mobilya5\" data-e-action-hash=\"#elementor-action%3Aaction%3Dlightbox%26settings%3DeyJpZCI6MTE5MiwidXJsIjoiaHR0cHM6XC9cL3d3dy5ib3l1dG1ldGFsbW9iaWx5YS5jb21cL3dwLWNvbnRlbnRcL3VwbG9hZHNcLzIwMjNcLzA3XC9hdGFzZWhpcl9tZXRhbF9tb2JpbHlhNS5qcGciLCJzbGlkZXNob3ciOiI0ZmQ0OTdiIn0%3D\" href='https:\/\/www.boyutmetalmobilya.com\/wp-content\/uploads\/2023\/07\/atasehir_metal_mobilya5.jpg'><img loading=\"lazy\" decoding=\"async\" width=\"450\" height=\"600\" src=\"https:\/\/www.boyutmetalmobilya.com\/wp-content\/uploads\/2023\/07\/atasehir_metal_mobilya5.jpg\" class=\"attachment-large size-large\" alt=\"\" srcset=\"https:\/\/www.boyutmetalmobilya.com\/wp-content\/uploads\/2023\/07\/atasehir_metal_mobilya5.jpg 450w, https:\/\/www.boyutmetalmobilya.com\/wp-content\/uploads\/2023\/07\/atasehir_metal_mobilya5-225x300.jpg 225w\" sizes=\"(max-width: 450px) 100vw, 450px\" \/><\/a>\n\t\t\t<\/div><\/figure><figure class='gallery-item'>\n\t\t\t<div class='gallery-icon portrait'>\n\t\t\t\t<a data-elementor-open-lightbox=\"yes\" data-elementor-lightbox-slideshow=\"4fd497b\" data-elementor-lightbox-title=\"e7b\" data-e-action-hash=\"#elementor-action%3Aaction%3Dlightbox%26settings%3DeyJpZCI6MTE5NCwidXJsIjoiaHR0cHM6XC9cL3d3dy5ib3l1dG1ldGFsbW9iaWx5YS5jb21cL3dwLWNvbnRlbnRcL3VwbG9hZHNcLzIwMjNcLzA3XC9lN2IuanBnIiwic2xpZGVzaG93IjoiNGZkNDk3YiJ9\" href='https:\/\/www.boyutmetalmobilya.com\/wp-content\/uploads\/2023\/07\/e7b.jpg'><img loading=\"lazy\" decoding=\"async\" width=\"413\" height=\"550\" src=\"https:\/\/www.boyutmetalmobilya.com\/wp-content\/uploads\/2023\/07\/e7b.jpg\" class=\"attachment-large size-large\" alt=\"\" srcset=\"https:\/\/www.boyutmetalmobilya.com\/wp-content\/uploads\/2023\/07\/e7b.jpg 413w, https:\/\/www.boyutmetalmobilya.com\/wp-content\/uploads\/2023\/07\/e7b-225x300.jpg 225w\" sizes=\"(max-width: 413px) 100vw, 413px\" \/><\/a>\n\t\t\t<\/div><\/figure><figure class='gallery-item'>\n\t\t\t<div class='gallery-icon portrait'>\n\t\t\t\t<a data-elementor-open-lightbox=\"yes\" data-elementor-lightbox-slideshow=\"4fd497b\" data-elementor-lightbox-title=\"e8b\" data-e-action-hash=\"#elementor-action%3Aaction%3Dlightbox%26settings%3DeyJpZCI6MTE5NSwidXJsIjoiaHR0cHM6XC9cL3d3dy5ib3l1dG1ldGFsbW9iaWx5YS5jb21cL3dwLWNvbnRlbnRcL3VwbG9hZHNcLzIwMjNcLzA3XC9lOGIuanBnIiwic2xpZGVzaG93IjoiNGZkNDk3YiJ9\" href='https:\/\/www.boyutmetalmobilya.com\/wp-content\/uploads\/2023\/07\/e8b.jpg'><img loading=\"lazy\" decoding=\"async\" width=\"413\" height=\"550\" src=\"https:\/\/www.boyutmetalmobilya.com\/wp-content\/uploads\/2023\/07\/e8b.jpg\" class=\"attachment-large size-large\" alt=\"\" srcset=\"https:\/\/www.boyutmetalmobilya.com\/wp-content\/uploads\/2023\/07\/e8b.jpg 413w, https:\/\/www.boyutmetalmobilya.com\/wp-content\/uploads\/2023\/07\/e8b-225x300.jpg 225w\" sizes=\"(max-width: 413px) 100vw, 413px\" \/><\/a>\n\t\t\t<\/div><\/figure><figure class='gallery-item'>\n\t\t\t<div class='gallery-icon portrait'>\n\t\t\t\t<a data-elementor-open-lightbox=\"yes\" data-elementor-lightbox-slideshow=\"4fd497b\" data-elementor-lightbox-title=\"e9b\" data-e-action-hash=\"#elementor-action%3Aaction%3Dlightbox%26settings%3DeyJpZCI6MTE5NiwidXJsIjoiaHR0cHM6XC9cL3d3dy5ib3l1dG1ldGFsbW9iaWx5YS5jb21cL3dwLWNvbnRlbnRcL3VwbG9hZHNcLzIwMjNcLzA3XC9lOWIuanBnIiwic2xpZGVzaG93IjoiNGZkNDk3YiJ9\" href='https:\/\/www.boyutmetalmobilya.com\/wp-content\/uploads\/2023\/07\/e9b.jpg'><img loading=\"lazy\" decoding=\"async\" width=\"413\" height=\"550\" src=\"https:\/\/www.boyutmetalmobilya.com\/wp-content\/uploads\/2023\/07\/e9b.jpg\" class=\"attachment-large size-large\" alt=\"\" srcset=\"https:\/\/www.boyutmetalmobilya.com\/wp-content\/uploads\/2023\/07\/e9b.jpg 413w, https:\/\/www.boyutmetalmobilya.com\/wp-content\/uploads\/2023\/07\/e9b-225x300.jpg 225w\" sizes=\"(max-width: 413px) 100vw, 413px\" \/><\/a>\n\t\t\t<\/div><\/figure><figure class='gallery-item'>\n\t\t\t<div class='gallery-icon portrait'>\n\t\t\t\t<a data-elementor-open-lightbox=\"yes\" data-elementor-lightbox-slideshow=\"4fd497b\" data-elementor-lightbox-title=\"m5b\" data-e-action-hash=\"#elementor-action%3Aaction%3Dlightbox%26settings%3DeyJpZCI6MTE5NywidXJsIjoiaHR0cHM6XC9cL3d3dy5ib3l1dG1ldGFsbW9iaWx5YS5jb21cL3dwLWNvbnRlbnRcL3VwbG9hZHNcLzIwMjNcLzA3XC9tNWIuanBnIiwic2xpZGVzaG93IjoiNGZkNDk3YiJ9\" href='https:\/\/www.boyutmetalmobilya.com\/wp-content\/uploads\/2023\/07\/m5b.jpg'><img loading=\"lazy\" decoding=\"async\" width=\"413\" height=\"550\" src=\"https:\/\/www.boyutmetalmobilya.com\/wp-content\/uploads\/2023\/07\/m5b.jpg\" class=\"attachment-large size-large\" alt=\"\" srcset=\"https:\/\/www.boyutmetalmobilya.com\/wp-content\/uploads\/2023\/07\/m5b.jpg 413w, https:\/\/www.boyutmetalmobilya.com\/wp-content\/uploads\/2023\/07\/m5b-225x300.jpg 225w\" sizes=\"(max-width: 413px) 100vw, 413px\" \/><\/a>\n\t\t\t<\/div><\/figure><figure class='gallery-item'>\n\t\t\t<div class='gallery-icon landscape'>\n\t\t\t\t<a data-elementor-open-lightbox=\"yes\" data-elementor-lightbox-slideshow=\"4fd497b\" data-elementor-lightbox-title=\"metal_mobilya2b\" data-e-action-hash=\"#elementor-action%3Aaction%3Dlightbox%26settings%3DeyJpZCI6MTIwMSwidXJsIjoiaHR0cHM6XC9cL3d3dy5ib3l1dG1ldGFsbW9iaWx5YS5jb21cL3dwLWNvbnRlbnRcL3VwbG9hZHNcLzIwMjNcLzA3XC9tZXRhbF9tb2JpbHlhMmIuanBnIiwic2xpZGVzaG93IjoiNGZkNDk3YiJ9\" href='https:\/\/www.boyutmetalmobilya.com\/wp-content\/uploads\/2023\/07\/metal_mobilya2b.jpg'><img loading=\"lazy\" decoding=\"async\" width=\"550\" height=\"550\" src=\"https:\/\/www.boyutmetalmobilya.com\/wp-content\/uploads\/2023\/07\/metal_mobilya2b.jpg\" class=\"attachment-large size-large\" alt=\"\" srcset=\"https:\/\/www.boyutmetalmobilya.com\/wp-content\/uploads\/2023\/07\/metal_mobilya2b.jpg 550w, https:\/\/www.boyutmetalmobilya.com\/wp-content\/uploads\/2023\/07\/metal_mobilya2b-300x300.jpg 300w, https:\/\/www.boyutmetalmobilya.com\/wp-content\/uploads\/2023\/07\/metal_mobilya2b-150x150.jpg 150w\" sizes=\"(max-width: 550px) 100vw, 550px\" \/><\/a>\n\t\t\t<\/div><\/figure><figure class='gallery-item'>\n\t\t\t<div class='gallery-icon portrait'>\n\t\t\t\t<a data-elementor-open-lightbox=\"yes\" data-elementor-lightbox-slideshow=\"4fd497b\" data-elementor-lightbox-title=\"metal_mobilya_uretimi2\" data-e-action-hash=\"#elementor-action%3Aaction%3Dlightbox%26settings%3DeyJpZCI6MTIwMCwidXJsIjoiaHR0cHM6XC9cL3d3dy5ib3l1dG1ldGFsbW9iaWx5YS5jb21cL3dwLWNvbnRlbnRcL3VwbG9hZHNcLzIwMjNcLzA3XC9tZXRhbF9tb2JpbHlhX3VyZXRpbWkyLmpwZyIsInNsaWRlc2hvdyI6IjRmZDQ5N2IifQ%3D%3D\" href='https:\/\/www.boyutmetalmobilya.com\/wp-content\/uploads\/2023\/07\/metal_mobilya_uretimi2.jpg'><img loading=\"lazy\" decoding=\"async\" width=\"450\" height=\"600\" src=\"https:\/\/www.boyutmetalmobilya.com\/wp-content\/uploads\/2023\/07\/metal_mobilya_uretimi2.jpg\" class=\"attachment-large size-large\" alt=\"\" srcset=\"https:\/\/www.boyutmetalmobilya.com\/wp-content\/uploads\/2023\/07\/metal_mobilya_uretimi2.jpg 450w, https:\/\/www.boyutmetalmobilya.com\/wp-content\/uploads\/2023\/07\/metal_mobilya_uretimi2-225x300.jpg 225w\" sizes=\"(max-width: 450px) 100vw, 450px\" \/><\/a>\n\t\t\t<\/div><\/figure><figure class='gallery-item'>\n\t\t\t<div class='gallery-icon portrait'>\n\t\t\t\t<a data-elementor-open-lightbox=\"yes\" data-elementor-lightbox-slideshow=\"4fd497b\" data-elementor-lightbox-title=\"metal_mobilya_uretimi1\" data-e-action-hash=\"#elementor-action%3Aaction%3Dlightbox%26settings%3DeyJpZCI6MTE5OSwidXJsIjoiaHR0cHM6XC9cL3d3dy5ib3l1dG1ldGFsbW9iaWx5YS5jb21cL3dwLWNvbnRlbnRcL3VwbG9hZHNcLzIwMjNcLzA3XC9tZXRhbF9tb2JpbHlhX3VyZXRpbWkxLmpwZyIsInNsaWRlc2hvdyI6IjRmZDQ5N2IifQ%3D%3D\" href='https:\/\/www.boyutmetalmobilya.com\/wp-content\/uploads\/2023\/07\/metal_mobilya_uretimi1.jpg'><img loading=\"lazy\" decoding=\"async\" width=\"450\" height=\"600\" src=\"https:\/\/www.boyutmetalmobilya.com\/wp-content\/uploads\/2023\/07\/metal_mobilya_uretimi1.jpg\" class=\"attachment-large size-large\" alt=\"\" srcset=\"https:\/\/www.boyutmetalmobilya.com\/wp-content\/uploads\/2023\/07\/metal_mobilya_uretimi1.jpg 450w, https:\/\/www.boyutmetalmobilya.com\/wp-content\/uploads\/2023\/07\/metal_mobilya_uretimi1-225x300.jpg 225w\" sizes=\"(max-width: 450px) 100vw, 450px\" \/><\/a>\n\t\t\t<\/div><\/figure><figure class='gallery-item'>\n\t\t\t<div class='gallery-icon portrait'>\n\t\t\t\t<a data-elementor-open-lightbox=\"yes\" data-elementor-lightbox-slideshow=\"4fd497b\" data-elementor-lightbox-title=\"m6b\" data-e-action-hash=\"#elementor-action%3Aaction%3Dlightbox%26settings%3DeyJpZCI6MTE5OCwidXJsIjoiaHR0cHM6XC9cL3d3dy5ib3l1dG1ldGFsbW9iaWx5YS5jb21cL3dwLWNvbnRlbnRcL3VwbG9hZHNcLzIwMjNcLzA3XC9tNmIuanBnIiwic2xpZGVzaG93IjoiNGZkNDk3YiJ9\" href='https:\/\/www.boyutmetalmobilya.com\/wp-content\/uploads\/2023\/07\/m6b.jpg'><img loading=\"lazy\" decoding=\"async\" width=\"413\" height=\"550\" src=\"https:\/\/www.boyutmetalmobilya.com\/wp-content\/uploads\/2023\/07\/m6b.jpg\" class=\"attachment-large size-large\" alt=\"\" srcset=\"https:\/\/www.boyutmetalmobilya.com\/wp-content\/uploads\/2023\/07\/m6b.jpg 413w, https:\/\/www.boyutmetalmobilya.com\/wp-content\/uploads\/2023\/07\/m6b-225x300.jpg 225w\" sizes=\"(max-width: 413px) 100vw, 413px\" \/><\/a>\n\t\t\t<\/div><\/figure>\n\t\t<\/div>\n\t\t<\/div>\n\t\t\t\t\t\t<\/div>\n\t\t\t\t<\/div>\n\t\t\t\t\t<\/div>\n\t\t<\/div>\n\t\t\t\t\t<\/div>\n\t\t<\/section>\n\t\t\t\t<\/div>\n\t\t","protected":false},"excerpt":{"rendered":"<p>Metal Mobilya Esteti\u011fi ve Dayan\u0131kl\u0131l\u0131\u011f\u0131 Bulu\u015fturan Metal Mobilyalar Metal Mobilya Boyut Metal, kaliteli metal mobilya \u00fcretimiyle sekt\u00f6rde \u00f6nc\u00fcd\u00fcr. Estetik, dayan\u0131kl\u0131 ve i\u015flevsel metal mobilyalar\u0131m\u0131z, eviniz veya i\u015f yeriniz i\u00e7in m\u00fckemmel bir se\u00e7imdir. Metal Sandalye \u0130malat\u0131 Metal Oturma Gruplar\u0131 Metal Druseurlar Metal Sehpa Metal Zigon Sehpa Metal Z Servis Sehpa Metal Orta Sehpa<\/p>\n","protected":false},"author":1,"featured_media":0,"parent":0,"menu_order":0,"comment_status":"closed","ping_status":"closed","template":"","meta":{"site-sidebar-layout":"no-sidebar","site-content-layout":"page-builder","ast-global-header-display":"","ast-banner-title-visibility":"","ast-main-header-display":"","ast-hfb-above-header-display":"","ast-hfb-below-header-display":"","ast-hfb-mobile-header-display":"","site-post-title":"disabled","ast-breadcrumbs-content":"","ast-featured-img":"disabled","footer-sml-layout":"","theme-transparent-header-meta":"","adv-header-id-meta":"","stick-header-meta":"","header-above-stick-meta":"","header-main-stick-meta":"","header-below-stick-meta":"","footnotes":""},"class_list":["post-1187","page","type-page","status-publish","hentry"],"_links":{"self":[{"href":"https:\/\/www.boyutmetalmobilya.com\/index.php\/wp-json\/wp\/v2\/pages\/1187","targetHints":{"allow":["GET"]}}],"collection":[{"href":"https:\/\/www.boyutmetalmobilya.com\/index.php\/wp-json\/wp\/v2\/pages"}],"about":[{"href":"https:\/\/www.boyutmetalmobilya.com\/index.php\/wp-json\/wp\/v2\/types\/page"}],"author":[{"embeddable":true,"href":"https:\/\/www.boyutmetalmobilya.com\/index.php\/wp-json\/wp\/v2\/users\/1"}],"replies":[{"embeddable":true,"href":"https:\/\/www.boyutmetalmobilya.com\/index.php\/wp-json\/wp\/v2\/comments?post=1187"}],"version-history":[{"count":8,"href":"https:\/\/www.boyutmetalmobilya.com\/index.php\/wp-json\/wp\/v2\/pages\/1187\/revisions"}],"predecessor-version":[{"id":1272,"href":"https:\/\/www.boyutmetalmobilya.com\/index.php\/wp-json\/wp\/v2\/pages\/1187\/revisions\/1272"}],"wp:attachment":[{"href":"https:\/\/www.boyutmetalmobilya.com\/index.php\/wp-json\/wp\/v2\/media?parent=1187"}],"curies":[{"name":"wp","href":"https:\/\/api.w.org\/{rel}","templated":true}]}}