{"id":939,"date":"2021-06-12T06:25:44","date_gmt":"2021-06-12T03:25:44","guid":{"rendered":"https:\/\/www.boyutmetalmobilya.com\/index.php\/services\/"},"modified":"2023-07-16T17:14:50","modified_gmt":"2023-07-16T14:14:50","slug":"urunler","status":"publish","type":"page","link":"https:\/\/www.boyutmetalmobilya.com\/index.php\/urunler\/","title":{"rendered":"\u00dcr\u00fcnler"},"content":{"rendered":"\t\t<div data-elementor-type=\"wp-page\" data-elementor-id=\"939\" class=\"elementor elementor-939\">\n\t\t\t\t\t\t<section class=\"elementor-section elementor-top-section elementor-element elementor-element-623ea53 elementor-section-boxed elementor-section-height-default elementor-section-height-default\" data-id=\"623ea53\" data-element_type=\"section\" data-settings=\"{&quot;background_background&quot;:&quot;classic&quot;}\">\n\t\t\t\t\t\t\t<div class=\"elementor-background-overlay\"><\/div>\n\t\t\t\t\t\t\t<div class=\"elementor-container elementor-column-gap-no\">\n\t\t\t\t\t<div class=\"elementor-column elementor-col-100 elementor-top-column elementor-element elementor-element-21ddeff\" data-id=\"21ddeff\" data-element_type=\"column\">\n\t\t\t<div class=\"elementor-widget-wrap elementor-element-populated\">\n\t\t\t\t\t\t<div class=\"elementor-element elementor-element-a09d3bc elementor-widget elementor-widget-heading\" data-id=\"a09d3bc\" data-element_type=\"widget\" data-widget_type=\"heading.default\">\n\t\t\t\t<div class=\"elementor-widget-container\">\n\t\t\t\t\t<h1 class=\"elementor-heading-title elementor-size-default\">\u00dcr\u00fcnler<\/h1>\t\t\t\t<\/div>\n\t\t\t\t<\/div>\n\t\t\t\t<div class=\"elementor-element elementor-element-d8b17af elementor-widget elementor-widget-heading\" data-id=\"d8b17af\" data-element_type=\"widget\" data-widget_type=\"heading.default\">\n\t\t\t\t<div class=\"elementor-widget-container\">\n\t\t\t\t\t<h2 class=\"elementor-heading-title elementor-size-default\">Boyut Metal Mobilya \u00dcr\u00fcn Kategorileri<\/h2>\t\t\t\t<\/div>\n\t\t\t\t<\/div>\n\t\t\t\t\t<\/div>\n\t\t<\/div>\n\t\t\t\t\t<\/div>\n\t\t<\/section>\n\t\t\t\t<section class=\"elementor-section elementor-top-section elementor-element elementor-element-e6eecd6 elementor-section-boxed elementor-section-height-default elementor-section-height-default\" data-id=\"e6eecd6\" data-element_type=\"section\" data-settings=\"{&quot;background_background&quot;:&quot;classic&quot;}\">\n\t\t\t\t\t\t\t<div class=\"elementor-background-overlay\"><\/div>\n\t\t\t\t\t\t\t<div class=\"elementor-container elementor-column-gap-no\">\n\t\t\t\t\t<div class=\"elementor-column elementor-col-100 elementor-top-column elementor-element elementor-element-75764c5\" data-id=\"75764c5\" data-element_type=\"column\">\n\t\t\t<div class=\"elementor-widget-wrap elementor-element-populated\">\n\t\t\t\t\t\t<div class=\"elementor-element elementor-element-a3030da elementor-widget elementor-widget-heading\" data-id=\"a3030da\" data-element_type=\"widget\" data-widget_type=\"heading.default\">\n\t\t\t\t<div class=\"elementor-widget-container\">\n\t\t\t\t\t<h6 class=\"elementor-heading-title elementor-size-default\">Boyut Metal Mobilya<\/h6>\t\t\t\t<\/div>\n\t\t\t\t<\/div>\n\t\t\t\t<div class=\"elementor-element elementor-element-1dbc89b elementor-widget elementor-widget-heading\" data-id=\"1dbc89b\" data-element_type=\"widget\" data-widget_type=\"heading.default\">\n\t\t\t\t<div class=\"elementor-widget-container\">\n\t\t\t\t\t<h2 class=\"elementor-heading-title elementor-size-default\">Esteti\u011fi ve Dayan\u0131kl\u0131l\u0131\u011f\u0131 Bulu\u015fturan Metal Mobilyalar<\/h2>\t\t\t\t<\/div>\n\t\t\t\t<\/div>\n\t\t\t\t<div class=\"elementor-element elementor-element-b9529bc elementor-widget__width-initial elementor-widget-tablet__width-initial elementor-widget-mobile__width-inherit elementor-position-top elementor-widget elementor-widget-image-box\" data-id=\"b9529bc\" data-element_type=\"widget\" data-widget_type=\"image-box.default\">\n\t\t\t\t<div class=\"elementor-widget-container\">\n\t\t\t\t\t<div class=\"elementor-image-box-wrapper\"><figure class=\"elementor-image-box-img\"><a href=\"https:\/\/www.boyutmetalmobilya.com\/index.php\/metal-mobilya\/\" tabindex=\"-1\"><img fetchpriority=\"high\" decoding=\"async\" width=\"600\" height=\"406\" src=\"https:\/\/www.boyutmetalmobilya.com\/wp-content\/uploads\/2023\/07\/6-3.jpg\" class=\"attachment-full size-full wp-image-1078\" alt=\"\" srcset=\"https:\/\/www.boyutmetalmobilya.com\/wp-content\/uploads\/2023\/07\/6-3.jpg 600w, https:\/\/www.boyutmetalmobilya.com\/wp-content\/uploads\/2023\/07\/6-3-300x203.jpg 300w\" sizes=\"(max-width: 600px) 100vw, 600px\" \/><\/a><\/figure><div class=\"elementor-image-box-content\"><h4 class=\"elementor-image-box-title\"><a href=\"https:\/\/www.boyutmetalmobilya.com\/index.php\/metal-mobilya\/\">Metal Mobilya<\/a><\/h4><p class=\"elementor-image-box-description\">Boyut Metal, kaliteli metal mobilya \u00fcretimiyle sekt\u00f6rde \u00f6nc\u00fcd\u00fcr. Estetik, dayan\u0131kl\u0131 ve i\u015flevsel metal mobilyalar\u0131m\u0131z, eviniz veya i\u015f yeriniz i\u00e7in m\u00fckemmel bir se\u00e7imdir.<\/p><\/div><\/div>\t\t\t\t<\/div>\n\t\t\t\t<\/div>\n\t\t\t\t<div class=\"elementor-element elementor-element-1ee8e7c elementor-widget__width-initial elementor-widget-tablet__width-initial elementor-widget-mobile__width-inherit elementor-position-top elementor-widget elementor-widget-image-box\" data-id=\"1ee8e7c\" data-element_type=\"widget\" data-widget_type=\"image-box.default\">\n\t\t\t\t<div class=\"elementor-widget-container\">\n\t\t\t\t\t<div class=\"elementor-image-box-wrapper\"><figure class=\"elementor-image-box-img\"><a href=\"https:\/\/www.boyutmetalmobilya.com\/index.php\/metal-aksesuarlar\/\" tabindex=\"-1\"><img decoding=\"async\" width=\"600\" height=\"406\" src=\"https:\/\/www.boyutmetalmobilya.com\/wp-content\/uploads\/2023\/07\/1-3.jpg\" class=\"attachment-full size-full wp-image-1079\" alt=\"\" srcset=\"https:\/\/www.boyutmetalmobilya.com\/wp-content\/uploads\/2023\/07\/1-3.jpg 600w, https:\/\/www.boyutmetalmobilya.com\/wp-content\/uploads\/2023\/07\/1-3-300x203.jpg 300w\" sizes=\"(max-width: 600px) 100vw, 600px\" \/><\/a><\/figure><div class=\"elementor-image-box-content\"><h4 class=\"elementor-image-box-title\"><a href=\"https:\/\/www.boyutmetalmobilya.com\/index.php\/metal-aksesuarlar\/\">Metal Aksesuar<\/a><\/h4><p class=\"elementor-image-box-description\">Boyut Metal, metal aksesuarlarla ya\u015fam alanlar\u0131n\u0131za \u015f\u0131kl\u0131k kat\u0131yor. \u0130novatif tasar\u0131mlar\u0131m\u0131z ve y\u00fcksek kaliteli \u00fcretimimizle, metal aksesuarlar\u0131m\u0131z evinize veya ofisinize benzersiz bir g\u00f6r\u00fcn\u00fcm sa\u011flar.\n<\/p><\/div><\/div>\t\t\t\t<\/div>\n\t\t\t\t<\/div>\n\t\t\t\t<div class=\"elementor-element elementor-element-cd7a0c6 elementor-widget__width-initial elementor-widget-tablet__width-initial elementor-widget-mobile__width-inherit elementor-position-top elementor-widget elementor-widget-image-box\" data-id=\"cd7a0c6\" data-element_type=\"widget\" data-widget_type=\"image-box.default\">\n\t\t\t\t<div class=\"elementor-widget-container\">\n\t\t\t\t\t<div class=\"elementor-image-box-wrapper\"><figure class=\"elementor-image-box-img\"><a href=\"https:\/\/www.boyutmetalmobilya.com\/index.php\/metal-masa\/\" tabindex=\"-1\"><img decoding=\"async\" width=\"600\" height=\"406\" src=\"https:\/\/www.boyutmetalmobilya.com\/wp-content\/uploads\/2023\/07\/7-1.jpg\" class=\"attachment-full size-full wp-image-1080\" alt=\"\" srcset=\"https:\/\/www.boyutmetalmobilya.com\/wp-content\/uploads\/2023\/07\/7-1.jpg 600w, https:\/\/www.boyutmetalmobilya.com\/wp-content\/uploads\/2023\/07\/7-1-300x203.jpg 300w\" sizes=\"(max-width: 600px) 100vw, 600px\" \/><\/a><\/figure><div class=\"elementor-image-box-content\"><h4 class=\"elementor-image-box-title\"><a href=\"https:\/\/www.boyutmetalmobilya.com\/index.php\/metal-masa\/\">Metal Masa<\/a><\/h4><p class=\"elementor-image-box-description\">Boyut Metal, i\u015flevselli\u011fi ve zarafeti bir araya getiren metal masa \u00e7\u00f6z\u00fcmleri sunar. Dayan\u0131kl\u0131 malzemelerden \u00fcretilen metal masalar\u0131m\u0131z, her mekana modern bir dokunu\u015f katar.<\/p><\/div><\/div>\t\t\t\t<\/div>\n\t\t\t\t<\/div>\n\t\t\t\t<div class=\"elementor-element elementor-element-680476d elementor-widget__width-initial elementor-widget-tablet__width-initial elementor-widget-mobile__width-inherit elementor-position-top elementor-widget elementor-widget-image-box\" data-id=\"680476d\" data-element_type=\"widget\" data-widget_type=\"image-box.default\">\n\t\t\t\t<div class=\"elementor-widget-container\">\n\t\t\t\t\t<div class=\"elementor-image-box-wrapper\"><figure class=\"elementor-image-box-img\"><a href=\"https:\/\/www.boyutmetalmobilya.com\/index.php\/metal-sehpa\/\" tabindex=\"-1\"><img loading=\"lazy\" decoding=\"async\" width=\"600\" height=\"406\" src=\"https:\/\/www.boyutmetalmobilya.com\/wp-content\/uploads\/2023\/07\/2-4.jpg\" class=\"attachment-full size-full wp-image-1081\" alt=\"\" srcset=\"https:\/\/www.boyutmetalmobilya.com\/wp-content\/uploads\/2023\/07\/2-4.jpg 600w, https:\/\/www.boyutmetalmobilya.com\/wp-content\/uploads\/2023\/07\/2-4-300x203.jpg 300w\" sizes=\"(max-width: 600px) 100vw, 600px\" \/><\/a><\/figure><div class=\"elementor-image-box-content\"><h4 class=\"elementor-image-box-title\"><a href=\"https:\/\/www.boyutmetalmobilya.com\/index.php\/metal-sehpa\/\">Metal Sehpa<\/a><\/h4><p class=\"elementor-image-box-description\">Boyut Metal, \u015f\u0131k ve pratik metal sehpa modelleriyle ya\u015fam alanlar\u0131n\u0131z\u0131 tamamlar. Metal sehpa se\u00e7eneklerimiz, minimalist tasar\u0131mlar\u0131yla tarz\u0131n\u0131za uyum sa\u011flar ve kullan\u0131m kolayl\u0131\u011f\u0131 sunar.<\/p><\/div><\/div>\t\t\t\t<\/div>\n\t\t\t\t<\/div>\n\t\t\t\t<div class=\"elementor-element elementor-element-24b722c elementor-widget__width-initial elementor-widget-tablet__width-initial elementor-widget-mobile__width-inherit elementor-position-top elementor-widget elementor-widget-image-box\" data-id=\"24b722c\" data-element_type=\"widget\" data-widget_type=\"image-box.default\">\n\t\t\t\t<div class=\"elementor-widget-container\">\n\t\t\t\t\t<div class=\"elementor-image-box-wrapper\"><figure class=\"elementor-image-box-img\"><a href=\"https:\/\/www.boyutmetalmobilya.com\/index.php\/metal-sandalye\/\" tabindex=\"-1\"><img loading=\"lazy\" decoding=\"async\" width=\"600\" height=\"406\" src=\"https:\/\/www.boyutmetalmobilya.com\/wp-content\/uploads\/2023\/07\/8-1.jpg\" class=\"attachment-full size-full wp-image-1082\" alt=\"\" srcset=\"https:\/\/www.boyutmetalmobilya.com\/wp-content\/uploads\/2023\/07\/8-1.jpg 600w, https:\/\/www.boyutmetalmobilya.com\/wp-content\/uploads\/2023\/07\/8-1-300x203.jpg 300w\" sizes=\"(max-width: 600px) 100vw, 600px\" \/><\/a><\/figure><div class=\"elementor-image-box-content\"><h4 class=\"elementor-image-box-title\"><a href=\"https:\/\/www.boyutmetalmobilya.com\/index.php\/metal-sandalye\/\">Metal Sandalye <\/a><\/h4><p class=\"elementor-image-box-description\">Boyut Metal, ergonomik ve \u015f\u0131k metal sandalyelerle konforu \u00f6n planda tutar. Metal sandalye koleksiyonumuz, i\u00e7 ve d\u0131\u015f mekanlar\u0131n\u0131zda zarif bir oturma deneyimi sunar.<\/p><\/div><\/div>\t\t\t\t<\/div>\n\t\t\t\t<\/div>\n\t\t\t\t<div class=\"elementor-element elementor-element-56af1c9 elementor-widget__width-initial elementor-widget-tablet__width-initial elementor-widget-mobile__width-inherit elementor-position-top elementor-widget elementor-widget-image-box\" data-id=\"56af1c9\" data-element_type=\"widget\" data-widget_type=\"image-box.default\">\n\t\t\t\t<div class=\"elementor-widget-container\">\n\t\t\t\t\t<div class=\"elementor-image-box-wrapper\"><figure class=\"elementor-image-box-img\"><a href=\"https:\/\/www.boyutmetalmobilya.com\/index.php\/magaza-stand\/\" tabindex=\"-1\"><img loading=\"lazy\" decoding=\"async\" width=\"600\" height=\"406\" src=\"https:\/\/www.boyutmetalmobilya.com\/wp-content\/uploads\/2023\/07\/4-3.jpg\" class=\"attachment-full size-full wp-image-1083\" alt=\"\" srcset=\"https:\/\/www.boyutmetalmobilya.com\/wp-content\/uploads\/2023\/07\/4-3.jpg 600w, https:\/\/www.boyutmetalmobilya.com\/wp-content\/uploads\/2023\/07\/4-3-300x203.jpg 300w\" sizes=\"(max-width: 600px) 100vw, 600px\" \/><\/a><\/figure><div class=\"elementor-image-box-content\"><h4 class=\"elementor-image-box-title\"><a href=\"https:\/\/www.boyutmetalmobilya.com\/index.php\/magaza-stand\/\">Ma\u011faza Stand<\/a><\/h4><p class=\"elementor-image-box-description\">Boyut Metal, paslanmaz ma\u011faza standlar\u0131yla ma\u011fazalar\u0131n\u0131z\u0131 m\u00fckemmel bir \u015fekilde sergiler. \u015e\u0131k tasar\u0131mlar\u0131 ve sa\u011flam yap\u0131s\u0131yla ma\u011faza standlar\u0131m\u0131z, \u00fcr\u00fcnlerinizi \u00f6ne \u00e7\u0131karman\u0131z\u0131 sa\u011flar.<\/p><\/div><\/div>\t\t\t\t<\/div>\n\t\t\t\t<\/div>\n\t\t\t\t<div class=\"elementor-element elementor-element-90fa499 elementor-widget__width-initial elementor-widget-tablet__width-initial elementor-widget-mobile__width-inherit elementor-position-top elementor-widget elementor-widget-image-box\" data-id=\"90fa499\" data-element_type=\"widget\" data-widget_type=\"image-box.default\">\n\t\t\t\t<div class=\"elementor-widget-container\">\n\t\t\t\t\t<div class=\"elementor-image-box-wrapper\"><figure class=\"elementor-image-box-img\"><a href=\"https:\/\/www.boyutmetalmobilya.com\/index.php\/duresuar-imalati\/\" tabindex=\"-1\"><img loading=\"lazy\" decoding=\"async\" width=\"600\" height=\"406\" src=\"https:\/\/www.boyutmetalmobilya.com\/wp-content\/uploads\/2023\/07\/3-3.jpg\" class=\"attachment-full size-full wp-image-1084\" alt=\"\" srcset=\"https:\/\/www.boyutmetalmobilya.com\/wp-content\/uploads\/2023\/07\/3-3.jpg 600w, https:\/\/www.boyutmetalmobilya.com\/wp-content\/uploads\/2023\/07\/3-3-300x203.jpg 300w\" sizes=\"(max-width: 600px) 100vw, 600px\" \/><\/a><\/figure><div class=\"elementor-image-box-content\"><h4 class=\"elementor-image-box-title\"><a href=\"https:\/\/www.boyutmetalmobilya.com\/index.php\/duresuar-imalati\/\">Duresuar<\/a><\/h4><p class=\"elementor-image-box-description\">Boyut Metal, dayan\u0131kl\u0131 ve \u015f\u0131k duresuar \u00e7\u00f6z\u00fcmleri sunar. Duresuarlar\u0131m\u0131z, mekanlar\u0131n\u0131za modern bir dokunu\u015f katarak, hem kullan\u0131\u015fl\u0131 hem de estetik bir \u00e7\u00f6z\u00fcm sunar.<\/p><\/div><\/div>\t\t\t\t<\/div>\n\t\t\t\t<\/div>\n\t\t\t\t<div class=\"elementor-element elementor-element-ff6dc9f elementor-widget__width-initial elementor-widget-tablet__width-initial elementor-widget-mobile__width-inherit elementor-position-top elementor-widget elementor-widget-image-box\" data-id=\"ff6dc9f\" data-element_type=\"widget\" data-widget_type=\"image-box.default\">\n\t\t\t\t<div class=\"elementor-widget-container\">\n\t\t\t\t\t<div class=\"elementor-image-box-wrapper\"><figure class=\"elementor-image-box-img\"><a href=\"https:\/\/www.boyutmetalmobilya.com\/index.php\/paslanmaz-ayak\/\" tabindex=\"-1\"><img loading=\"lazy\" decoding=\"async\" width=\"600\" height=\"406\" src=\"https:\/\/www.boyutmetalmobilya.com\/wp-content\/uploads\/2023\/07\/5-3.jpg\" class=\"attachment-full size-full wp-image-1085\" alt=\"\" srcset=\"https:\/\/www.boyutmetalmobilya.com\/wp-content\/uploads\/2023\/07\/5-3.jpg 600w, https:\/\/www.boyutmetalmobilya.com\/wp-content\/uploads\/2023\/07\/5-3-300x203.jpg 300w\" sizes=\"(max-width: 600px) 100vw, 600px\" \/><\/a><\/figure><div class=\"elementor-image-box-content\"><h4 class=\"elementor-image-box-title\"><a href=\"https:\/\/www.boyutmetalmobilya.com\/index.php\/paslanmaz-ayak\/\">Paslanmaz Ayak<\/a><\/h4><p class=\"elementor-image-box-description\">Boyut Metal, y\u00fcksek kaliteli paslanmaz ayaklarla mobilyalar\u0131n\u0131za sa\u011flam bir temel olu\u015fturur. Estetik a\u00e7\u0131dan \u00e7ekici ve dayan\u0131kl\u0131 paslanmaz ayaklar\u0131m\u0131z, mobilyalar\u0131n\u0131za uzun \u00f6m\u00fcrl\u00fc bir destek sa\u011flar.<\/p><\/div><\/div>\t\t\t\t<\/div>\n\t\t\t\t<\/div>\n\t\t\t\t\t<\/div>\n\t\t<\/div>\n\t\t\t\t\t<\/div>\n\t\t<\/section>\n\t\t\t\t<section class=\"elementor-section elementor-top-section elementor-element elementor-element-35dd2ed elementor-section-boxed elementor-section-height-default elementor-section-height-default\" data-id=\"35dd2ed\" data-element_type=\"section\" data-settings=\"{&quot;background_background&quot;:&quot;classic&quot;}\">\n\t\t\t\t\t\t<div class=\"elementor-container elementor-column-gap-no\">\n\t\t\t\t\t<div class=\"elementor-column elementor-col-100 elementor-top-column elementor-element elementor-element-815d940\" data-id=\"815d940\" data-element_type=\"column\">\n\t\t\t<div class=\"elementor-widget-wrap elementor-element-populated\">\n\t\t\t\t\t\t<div class=\"elementor-element elementor-element-2751abb elementor-widget elementor-widget-heading\" data-id=\"2751abb\" data-element_type=\"widget\" data-widget_type=\"heading.default\">\n\t\t\t\t<div class=\"elementor-widget-container\">\n\t\t\t\t\t<h2 class=\"elementor-heading-title elementor-size-default\">REFERANSLARIMIZ\n<\/h2>\t\t\t\t<\/div>\n\t\t\t\t<\/div>\n\t\t\t\t<section class=\"elementor-section elementor-inner-section elementor-element elementor-element-18305e8 elementor-section-boxed elementor-section-height-default elementor-section-height-default\" data-id=\"18305e8\" data-element_type=\"section\">\n\t\t\t\t\t\t<div class=\"elementor-container elementor-column-gap-no\">\n\t\t\t\t\t<div class=\"elementor-column elementor-col-25 elementor-inner-column elementor-element elementor-element-db4059c\" data-id=\"db4059c\" data-element_type=\"column\">\n\t\t\t<div class=\"elementor-widget-wrap elementor-element-populated\">\n\t\t\t\t\t\t<div class=\"elementor-element elementor-element-14e7cba elementor-widget elementor-widget-image\" data-id=\"14e7cba\" data-element_type=\"widget\" data-widget_type=\"image.default\">\n\t\t\t\t<div class=\"elementor-widget-container\">\n\t\t\t\t\t\t\t\t\t\t\t\t\t\t\t<img loading=\"lazy\" decoding=\"async\" width=\"2004\" height=\"510\" src=\"https:\/\/www.boyutmetalmobilya.com\/wp-content\/uploads\/2023\/07\/20200610193130Eczacibasi_Holding_logosu.png\" class=\"attachment-full size-full wp-image-1070\" alt=\"\" srcset=\"https:\/\/www.boyutmetalmobilya.com\/wp-content\/uploads\/2023\/07\/20200610193130Eczacibasi_Holding_logosu.png 2004w, https:\/\/www.boyutmetalmobilya.com\/wp-content\/uploads\/2023\/07\/20200610193130Eczacibasi_Holding_logosu-300x76.png 300w, https:\/\/www.boyutmetalmobilya.com\/wp-content\/uploads\/2023\/07\/20200610193130Eczacibasi_Holding_logosu-1024x261.png 1024w, https:\/\/www.boyutmetalmobilya.com\/wp-content\/uploads\/2023\/07\/20200610193130Eczacibasi_Holding_logosu-768x195.png 768w, https:\/\/www.boyutmetalmobilya.com\/wp-content\/uploads\/2023\/07\/20200610193130Eczacibasi_Holding_logosu-1536x391.png 1536w\" sizes=\"(max-width: 2004px) 100vw, 2004px\" \/>\t\t\t\t\t\t\t\t\t\t\t\t\t\t\t<\/div>\n\t\t\t\t<\/div>\n\t\t\t\t\t<\/div>\n\t\t<\/div>\n\t\t\t\t<div class=\"elementor-column elementor-col-25 elementor-inner-column elementor-element elementor-element-8970fe8\" data-id=\"8970fe8\" data-element_type=\"column\">\n\t\t\t<div class=\"elementor-widget-wrap elementor-element-populated\">\n\t\t\t\t\t\t<div class=\"elementor-element elementor-element-d5cfb09 elementor-widget elementor-widget-image\" data-id=\"d5cfb09\" data-element_type=\"widget\" data-widget_type=\"image.default\">\n\t\t\t\t<div class=\"elementor-widget-container\">\n\t\t\t\t\t\t\t\t\t\t\t\t\t\t\t<img loading=\"lazy\" decoding=\"async\" width=\"500\" height=\"144\" src=\"https:\/\/www.boyutmetalmobilya.com\/wp-content\/uploads\/2023\/07\/Koton_logo.png\" class=\"attachment-large size-large wp-image-1071\" alt=\"\" srcset=\"https:\/\/www.boyutmetalmobilya.com\/wp-content\/uploads\/2023\/07\/Koton_logo.png 500w, https:\/\/www.boyutmetalmobilya.com\/wp-content\/uploads\/2023\/07\/Koton_logo-300x86.png 300w\" sizes=\"(max-width: 500px) 100vw, 500px\" \/>\t\t\t\t\t\t\t\t\t\t\t\t\t\t\t<\/div>\n\t\t\t\t<\/div>\n\t\t\t\t\t<\/div>\n\t\t<\/div>\n\t\t\t\t<div class=\"elementor-column elementor-col-25 elementor-inner-column elementor-element elementor-element-a6388bf\" data-id=\"a6388bf\" data-element_type=\"column\">\n\t\t\t<div class=\"elementor-widget-wrap elementor-element-populated\">\n\t\t\t\t\t\t<div class=\"elementor-element elementor-element-0dd91ef elementor-widget elementor-widget-image\" data-id=\"0dd91ef\" data-element_type=\"widget\" data-widget_type=\"image.default\">\n\t\t\t\t<div class=\"elementor-widget-container\">\n\t\t\t\t\t\t\t\t\t\t\t\t\t\t\t<img loading=\"lazy\" decoding=\"async\" width=\"212\" height=\"100\" src=\"https:\/\/www.boyutmetalmobilya.com\/wp-content\/uploads\/2023\/07\/promat-logo.png\" class=\"attachment-large size-large wp-image-1072\" alt=\"\" \/>\t\t\t\t\t\t\t\t\t\t\t\t\t\t\t<\/div>\n\t\t\t\t<\/div>\n\t\t\t\t\t<\/div>\n\t\t<\/div>\n\t\t\t\t<div class=\"elementor-column elementor-col-25 elementor-inner-column elementor-element elementor-element-85632a5\" data-id=\"85632a5\" data-element_type=\"column\">\n\t\t\t<div class=\"elementor-widget-wrap elementor-element-populated\">\n\t\t\t\t\t\t<div class=\"elementor-element elementor-element-92c9143 elementor-widget elementor-widget-image\" data-id=\"92c9143\" data-element_type=\"widget\" data-widget_type=\"image.default\">\n\t\t\t\t<div class=\"elementor-widget-container\">\n\t\t\t\t\t\t\t\t\t\t\t\t\t\t\t<img loading=\"lazy\" decoding=\"async\" width=\"960\" height=\"138\" src=\"https:\/\/www.boyutmetalmobilya.com\/wp-content\/uploads\/2023\/07\/lc8554lc4a-lc-waikiki-logo-lc-waikiki-logo-retail-com.png\" class=\"attachment-large size-large wp-image-1073\" alt=\"\" srcset=\"https:\/\/www.boyutmetalmobilya.com\/wp-content\/uploads\/2023\/07\/lc8554lc4a-lc-waikiki-logo-lc-waikiki-logo-retail-com.png 960w, https:\/\/www.boyutmetalmobilya.com\/wp-content\/uploads\/2023\/07\/lc8554lc4a-lc-waikiki-logo-lc-waikiki-logo-retail-com-300x43.png 300w, https:\/\/www.boyutmetalmobilya.com\/wp-content\/uploads\/2023\/07\/lc8554lc4a-lc-waikiki-logo-lc-waikiki-logo-retail-com-768x110.png 768w\" sizes=\"(max-width: 960px) 100vw, 960px\" \/>\t\t\t\t\t\t\t\t\t\t\t\t\t\t\t<\/div>\n\t\t\t\t<\/div>\n\t\t\t\t\t<\/div>\n\t\t<\/div>\n\t\t\t\t\t<\/div>\n\t\t<\/section>\n\t\t\t\t\t<\/div>\n\t\t<\/div>\n\t\t\t\t\t<\/div>\n\t\t<\/section>\n\t\t\t\t<\/div>\n\t\t","protected":false},"excerpt":{"rendered":"<p>\u00dcr\u00fcnler Boyut Metal Mobilya \u00dcr\u00fcn Kategorileri Boyut Metal Mobilya Esteti\u011fi ve Dayan\u0131kl\u0131l\u0131\u011f\u0131 Bulu\u015fturan Metal Mobilyalar Metal Mobilya Boyut Metal, kaliteli metal mobilya \u00fcretimiyle sekt\u00f6rde \u00f6nc\u00fcd\u00fcr. Estetik, dayan\u0131kl\u0131 ve i\u015flevsel metal mobilyalar\u0131m\u0131z, eviniz veya i\u015f yeriniz i\u00e7in m\u00fckemmel bir se\u00e7imdir. Metal Aksesuar Boyut Metal, metal aksesuarlarla ya\u015fam alanlar\u0131n\u0131za \u015f\u0131kl\u0131k kat\u0131yor. \u0130novatif tasar\u0131mlar\u0131m\u0131z ve y\u00fcksek kaliteli \u00fcretimimizle, &hellip;<\/p>\n<p class=\"read-more\"> <a class=\"\" href=\"https:\/\/www.boyutmetalmobilya.com\/index.php\/urunler\/\"> <span class=\"screen-reader-text\">\u00dcr\u00fcnler<\/span> Devam\u0131 &raquo;<\/a><\/p>\n","protected":false},"author":1,"featured_media":0,"parent":0,"menu_order":0,"comment_status":"closed","ping_status":"closed","template":"","meta":{"site-sidebar-layout":"no-sidebar","site-content-layout":"page-builder","ast-global-header-display":"","ast-banner-title-visibility":"","ast-main-header-display":"","ast-hfb-above-header-display":"","ast-hfb-below-header-display":"","ast-hfb-mobile-header-display":"","site-post-title":"disabled","ast-breadcrumbs-content":"disabled","ast-featured-img":"disabled","footer-sml-layout":"","theme-transparent-header-meta":"enabled","adv-header-id-meta":"","stick-header-meta":"","header-above-stick-meta":"","header-main-stick-meta":"","header-below-stick-meta":"","footnotes":""},"class_list":["post-939","page","type-page","status-publish","hentry"],"_links":{"self":[{"href":"https:\/\/www.boyutmetalmobilya.com\/index.php\/wp-json\/wp\/v2\/pages\/939","targetHints":{"allow":["GET"]}}],"collection":[{"href":"https:\/\/www.boyutmetalmobilya.com\/index.php\/wp-json\/wp\/v2\/pages"}],"about":[{"href":"https:\/\/www.boyutmetalmobilya.com\/index.php\/wp-json\/wp\/v2\/types\/page"}],"author":[{"embeddable":true,"href":"https:\/\/www.boyutmetalmobilya.com\/index.php\/wp-json\/wp\/v2\/users\/1"}],"replies":[{"embeddable":true,"href":"https:\/\/www.boyutmetalmobilya.com\/index.php\/wp-json\/wp\/v2\/comments?post=939"}],"version-history":[{"count":8,"href":"https:\/\/www.boyutmetalmobilya.com\/index.php\/wp-json\/wp\/v2\/pages\/939\/revisions"}],"predecessor-version":[{"id":1323,"href":"https:\/\/www.boyutmetalmobilya.com\/index.php\/wp-json\/wp\/v2\/pages\/939\/revisions\/1323"}],"wp:attachment":[{"href":"https:\/\/www.boyutmetalmobilya.com\/index.php\/wp-json\/wp\/v2\/media?parent=939"}],"curies":[{"name":"wp","href":"https:\/\/api.w.org\/{rel}","templated":true}]}}